{"id":20,"date":"2026-04-01T09:50:34","date_gmt":"2026-04-01T14:50:34","guid":{"rendered":"https:\/\/arbesoluciones.com\/?page_id=20"},"modified":"2026-04-01T22:13:58","modified_gmt":"2026-04-02T03:13:58","slug":"sobre-nosotros","status":"publish","type":"page","link":"https:\/\/arbesoluciones.com\/index.php\/sobre-nosotros\/","title":{"rendered":"Sobre Nosotros"},"content":{"rendered":"\t\t<div data-elementor-type=\"wp-page\" data-elementor-id=\"20\" class=\"elementor elementor-20\" data-elementor-post-type=\"page\">\n\t\t\t\t<div class=\"elementor-element elementor-element-3a7b699 e-flex e-con-boxed e-con e-parent\" data-id=\"3a7b699\" data-element_type=\"container\" data-e-type=\"container\">\n\t\t\t\t\t<div class=\"e-con-inner\">\n\t\t<div class=\"elementor-element elementor-element-75b2adb e-con-full e-flex e-con e-child\" data-id=\"75b2adb\" data-element_type=\"container\" data-e-type=\"container\">\n\t\t\t\t<div class=\"elementor-element elementor-element-d4fc06c elementor-widget elementor-widget-image\" data-id=\"d4fc06c\" data-element_type=\"widget\" data-e-type=\"widget\" data-widget_type=\"image.default\">\n\t\t\t\t\t\t\t\t\t\t\t\t\t\t\t<img fetchpriority=\"high\" decoding=\"async\" width=\"750\" height=\"421\" src=\"https:\/\/arbesoluciones.com\/wp-content\/uploads\/2026\/04\/sobre-nosotros.webp\" class=\"attachment-large size-large wp-image-414\" alt=\"\" srcset=\"https:\/\/arbesoluciones.com\/wp-content\/uploads\/2026\/04\/sobre-nosotros.webp 750w, https:\/\/arbesoluciones.com\/wp-content\/uploads\/2026\/04\/sobre-nosotros-600x337.webp 600w, https:\/\/arbesoluciones.com\/wp-content\/uploads\/2026\/04\/sobre-nosotros-300x168.webp 300w\" sizes=\"(max-width: 750px) 100vw, 750px\" \/>\t\t\t\t\t\t\t\t\t\t\t\t\t\t\t<\/div>\n\t\t\t\t<\/div>\n\t\t<div class=\"elementor-element elementor-element-45e68bc e-con-full e-flex e-con e-child\" data-id=\"45e68bc\" data-element_type=\"container\" data-e-type=\"container\">\n\t\t\t\t<div class=\"elementor-element elementor-element-39bd376 elementor-widget elementor-widget-heading\" data-id=\"39bd376\" data-element_type=\"widget\" data-e-type=\"widget\" data-widget_type=\"heading.default\">\n\t\t\t\t\t<h2 class=\"elementor-heading-title elementor-size-default\">Sobre nosotros<\/h2>\t\t\t\t<\/div>\n\t\t\t\t<div class=\"elementor-element elementor-element-d93333b elementor-widget elementor-widget-text-editor\" data-id=\"d93333b\" data-element_type=\"widget\" data-e-type=\"widget\" data-widget_type=\"text-editor.default\">\n\t\t\t\t\t\t\t\t\t<p>ARBE SOLUCIONES, empresa peruana dedicada a la fabricaci\u00f3n y comercializaci\u00f3n de una gran variedad de productos lo cual permite la realizaci\u00f3n de regalos corporativos, festivos y canastas navide\u00f1as o de v\u00edveres, siendo as\u00ed un socio estrat\u00e9gico de nuestros clientes, quienes cumplan con promover la fidelizaci\u00f3n con sus colaboradores.<\/p>\t\t\t\t\t\t\t\t<\/div>\n\t\t\t\t<\/div>\n\t\t\t\t\t<\/div>\n\t\t\t\t<\/div>\n\t\t<div class=\"elementor-element elementor-element-d08cf40 e-flex e-con-boxed e-con e-parent\" data-id=\"d08cf40\" data-element_type=\"container\" data-e-type=\"container\">\n\t\t\t\t\t<div class=\"e-con-inner\">\n\t\t\t\t<div class=\"elementor-element elementor-element-c7d4a2e elementor-widget elementor-widget-heading\" data-id=\"c7d4a2e\" data-element_type=\"widget\" data-e-type=\"widget\" data-widget_type=\"heading.default\">\n\t\t\t\t\t<h2 class=\"elementor-heading-title elementor-size-default\">Nos especializamos en brindar soluciones corporativa. mediante un equipo de profesionales que te brindaran una atenci\u00f3n personalizada con el fin de asesorar todo el proceso de tu pedido<\/h2>\t\t\t\t<\/div>\n\t\t\t\t\t<\/div>\n\t\t\t\t<\/div>\n\t\t<div class=\"elementor-element elementor-element-24ab5d2 e-flex e-con-boxed e-con e-parent\" data-id=\"24ab5d2\" data-element_type=\"container\" data-e-type=\"container\">\n\t\t\t\t\t<div class=\"e-con-inner\">\n\t\t<div class=\"elementor-element elementor-element-21610ef e-con-full e-flex e-con e-child\" data-id=\"21610ef\" data-element_type=\"container\" data-e-type=\"container\" data-settings=\"{&quot;background_background&quot;:&quot;classic&quot;}\">\n\t\t\t\t<div class=\"elementor-element elementor-element-647f13b elementor-widget elementor-widget-image\" data-id=\"647f13b\" data-element_type=\"widget\" data-e-type=\"widget\" data-widget_type=\"image.default\">\n\t\t\t\t\t\t\t\t\t\t\t\t\t\t\t<img decoding=\"async\" width=\"360\" height=\"480\" src=\"https:\/\/arbesoluciones.com\/wp-content\/uploads\/2026\/04\/Andrea-P.webp\" class=\"attachment-large size-large wp-image-431\" alt=\"\" srcset=\"https:\/\/arbesoluciones.com\/wp-content\/uploads\/2026\/04\/Andrea-P.webp 360w, https:\/\/arbesoluciones.com\/wp-content\/uploads\/2026\/04\/Andrea-P-225x300.webp 225w\" sizes=\"(max-width: 360px) 100vw, 360px\" \/>\t\t\t\t\t\t\t\t\t\t\t\t\t\t\t<\/div>\n\t\t\t\t<div class=\"elementor-element elementor-element-a3ecc0c elementor-widget elementor-widget-heading\" data-id=\"a3ecc0c\" data-element_type=\"widget\" data-e-type=\"widget\" data-widget_type=\"heading.default\">\n\t\t\t\t\t<h2 class=\"elementor-heading-title elementor-size-default\">Calidad Excelente en Cada Detalle<\/h2>\t\t\t\t<\/div>\n\t\t\t\t<div class=\"elementor-element elementor-element-eaa81d5 elementor-widget elementor-widget-text-editor\" data-id=\"eaa81d5\" data-element_type=\"widget\" data-e-type=\"widget\" data-widget_type=\"text-editor.default\">\n\t\t\t\t\t\t\t\t\t<p>\u00abLos regalos superaron nuestras expectativas. La presentaci\u00f3n fue muy elegante y se nota el cuidado en cada detalle. Sin duda fue una muy buena elecci\u00f3n para nuestros clientes.\u00bb<\/p>\t\t\t\t\t\t\t\t<\/div>\n\t\t\t\t<\/div>\n\t\t<div class=\"elementor-element elementor-element-86fd448 e-con-full e-flex e-con e-child\" data-id=\"86fd448\" data-element_type=\"container\" data-e-type=\"container\">\n\t\t\t\t<div class=\"elementor-element elementor-element-8843a42 elementor-widget elementor-widget-image\" data-id=\"8843a42\" data-element_type=\"widget\" data-e-type=\"widget\" data-widget_type=\"image.default\">\n\t\t\t\t\t\t\t\t\t\t\t\t\t\t\t<img decoding=\"async\" width=\"388\" height=\"480\" src=\"https:\/\/arbesoluciones.com\/wp-content\/uploads\/2026\/04\/3.webp\" class=\"attachment-large size-large wp-image-432\" alt=\"\" srcset=\"https:\/\/arbesoluciones.com\/wp-content\/uploads\/2026\/04\/3.webp 388w, https:\/\/arbesoluciones.com\/wp-content\/uploads\/2026\/04\/3-243x300.webp 243w\" sizes=\"(max-width: 388px) 100vw, 388px\" \/>\t\t\t\t\t\t\t\t\t\t\t\t\t\t\t<\/div>\n\t\t\t\t<div class=\"elementor-element elementor-element-3c07878 elementor-widget elementor-widget-heading\" data-id=\"3c07878\" data-element_type=\"widget\" data-e-type=\"widget\" data-widget_type=\"heading.default\">\n\t\t\t\t\t<h2 class=\"elementor-heading-title elementor-size-default\">Servicio R\u00e1pido y Muy Confiable<\/h2>\t\t\t\t<\/div>\n\t\t\t\t<div class=\"elementor-element elementor-element-168da34 elementor-widget elementor-widget-text-editor\" data-id=\"168da34\" data-element_type=\"widget\" data-e-type=\"widget\" data-widget_type=\"text-editor.default\">\n\t\t\t\t\t\t\t\t\t<p>\u00abTodo el proceso fue muy ordenado y profesional. Nos ayudaron con la personalizaci\u00f3n y la entrega fue puntual. Quedamos muy satisfechos con el resultado final.\u00bb<\/p>\t\t\t\t\t\t\t\t<\/div>\n\t\t\t\t<\/div>\n\t\t<div class=\"elementor-element elementor-element-8c333d2 e-con-full e-flex e-con e-child\" data-id=\"8c333d2\" data-element_type=\"container\" data-e-type=\"container\" data-settings=\"{&quot;background_background&quot;:&quot;classic&quot;}\">\n\t\t\t\t<div class=\"elementor-element elementor-element-8a9a15a elementor-widget elementor-widget-image\" data-id=\"8a9a15a\" data-element_type=\"widget\" data-e-type=\"widget\" data-widget_type=\"image.default\">\n\t\t\t\t\t\t\t\t\t\t\t\t\t\t\t<img loading=\"lazy\" decoding=\"async\" width=\"270\" height=\"480\" src=\"https:\/\/arbesoluciones.com\/wp-content\/uploads\/2026\/04\/Valeria-M.webp\" class=\"attachment-large size-large wp-image-433\" alt=\"\" srcset=\"https:\/\/arbesoluciones.com\/wp-content\/uploads\/2026\/04\/Valeria-M.webp 270w, https:\/\/arbesoluciones.com\/wp-content\/uploads\/2026\/04\/Valeria-M-169x300.webp 169w\" sizes=\"(max-width: 270px) 100vw, 270px\" \/>\t\t\t\t\t\t\t\t\t\t\t\t\t\t\t<\/div>\n\t\t\t\t<div class=\"elementor-element elementor-element-a35d16c elementor-widget elementor-widget-heading\" data-id=\"a35d16c\" data-element_type=\"widget\" data-e-type=\"widget\" data-widget_type=\"heading.default\">\n\t\t\t\t\t<h2 class=\"elementor-heading-title elementor-size-default\">Gran Opci\u00f3n para Regalos Corporativos<\/h2>\t\t\t\t<\/div>\n\t\t\t\t<div class=\"elementor-element elementor-element-631df68 elementor-widget elementor-widget-text-editor\" data-id=\"631df68\" data-element_type=\"widget\" data-e-type=\"widget\" data-widget_type=\"text-editor.default\">\n\t\t\t\t\t\t\t\t\t<p>\u00abLos productos son de muy buena calidad y la presentaci\u00f3n marca la diferencia. Nos ayud\u00f3 bastante para dar una buena imagen como empresa.\u00bb<\/p>\t\t\t\t\t\t\t\t<\/div>\n\t\t\t\t<\/div>\n\t\t\t\t\t<\/div>\n\t\t\t\t<\/div>\n\t\t\t\t<\/div>\n\t\t","protected":false},"excerpt":{"rendered":"<p>Sobre nosotros ARBE SOLUCIONES, empresa peruana dedicada a la fabricaci\u00f3n y comercializaci\u00f3n de una gran variedad de productos lo cual permite la realizaci\u00f3n de regalos corporativos, festivos y canastas navide\u00f1as o de v\u00edveres, siendo as\u00ed un socio estrat\u00e9gico de nuestros clientes, quienes cumplan con promover la fidelizaci\u00f3n con sus colaboradores. Nos especializamos en brindar soluciones [&hellip;]<\/p>\n","protected":false},"author":1,"featured_media":0,"parent":0,"menu_order":0,"comment_status":"closed","ping_status":"closed","template":"","meta":{"footnotes":""},"class_list":["post-20","page","type-page","status-publish","hentry"],"_links":{"self":[{"href":"https:\/\/arbesoluciones.com\/index.php\/wp-json\/wp\/v2\/pages\/20","targetHints":{"allow":["GET"]}}],"collection":[{"href":"https:\/\/arbesoluciones.com\/index.php\/wp-json\/wp\/v2\/pages"}],"about":[{"href":"https:\/\/arbesoluciones.com\/index.php\/wp-json\/wp\/v2\/types\/page"}],"author":[{"embeddable":true,"href":"https:\/\/arbesoluciones.com\/index.php\/wp-json\/wp\/v2\/users\/1"}],"replies":[{"embeddable":true,"href":"https:\/\/arbesoluciones.com\/index.php\/wp-json\/wp\/v2\/comments?post=20"}],"version-history":[{"count":7,"href":"https:\/\/arbesoluciones.com\/index.php\/wp-json\/wp\/v2\/pages\/20\/revisions"}],"predecessor-version":[{"id":500,"href":"https:\/\/arbesoluciones.com\/index.php\/wp-json\/wp\/v2\/pages\/20\/revisions\/500"}],"wp:attachment":[{"href":"https:\/\/arbesoluciones.com\/index.php\/wp-json\/wp\/v2\/media?parent=20"}],"curies":[{"name":"wp","href":"https:\/\/api.w.org\/{rel}","templated":true}]}}